{"id":269,"date":"2018-11-06T12:02:00","date_gmt":"2018-11-06T12:02:00","guid":{"rendered":"https:\/\/goldsmath.com\/?page_id=269"},"modified":"2024-08-28T10:44:31","modified_gmt":"2024-08-28T10:44:31","slug":"sherbime-konsulence","status":"publish","type":"page","link":"https:\/\/agolliauditconsulting.com\/index.php\/sherbime-konsulence\/","title":{"rendered":"Kontabilitet Konsulence"},"content":{"rendered":"<div class=\"wpb-content-wrapper\"><p>[vc_row gap=&#8221;35&#8243;][vc_column offset=&#8221;vc_hidden-sm vc_hidden-xs&#8221;][vc_column_text css=&#8221;.vc_custom_1547481167786{margin-top: -20px !important;}&#8221;]<\/p>\n<p><span class=\"fontstyle0\">Sh\u00ebrbimet tona t\u00eb konsulenc\u00ebs jan\u00eb t\u00eb destinuara p\u00ebr ata sip\u00ebrmarr\u00ebs t\u00eb cil\u00ebt jan\u00eb n\u00eb k\u00ebrkim t\u00eb rritjes s\u00eb vazhdueshme t\u00eb biznesit t\u00eb tyre. Zgjidhjet tona krijuese dhe inovative te kombinuara me qasje strategjike per zhvillimin e shpejte dhe aftesite e diagnostikimit te problemeve na mundesojne te ofrojme me te miren ne treg.<\/span>[\/vc_column_text][vc_separator color=&#8221;custom&#8221; accent_color=&#8221;#afafaf&#8221; css=&#8221;.vc_custom_1540894365306{margin-top: -20px !important;}&#8221;][\/vc_column][\/vc_row][vc_row][vc_column width=&#8221;1\/2&#8243; offset=&#8221;vc_hidden-sm vc_hidden-xs&#8221;]<div class=\"standard-arrow list-divider bullet-top\"><ul>\n<li style=\"font-weight: 400;\"><span style=\"font-weight: 400;\">Konsulence e pergjithshme ne manaxhim<\/span><\/li>\n<li>Konsulence mbi analizen e kostove<\/li>\n<li>Konsulence ne politika dhe rregullore per ligje te vecanta<\/li>\n<li>Plane biznesi<\/li>\n<li>Konsulence per kontabilitetin, auditimin e brendshem dhe manaxhimin financiar<\/li>\n<li>Konsulence per standardet IAS dhe SNRF<\/li>\n<li>Konsulence mbi konvertimet e pasqyrave financiare ne SNRF<\/li>\n<li>Asistence ne Pergatitjen e Pasqyrave Financiare sipas SNRF<\/li>\n<li>Trajnim dhe zhvillim<\/li>\n<\/ul>\n<\/div>[\/vc_column][vc_column width=&#8221;1\/2&#8243; offset=&#8221;vc_hidden-sm vc_hidden-xs&#8221;][vc_single_image image=&#8221;916&#8243; img_size=&#8221;full&#8221; alignment=&#8221;center&#8221; image_hovers=&#8221;false&#8221;][\/vc_column][\/vc_row][vc_row gap=&#8221;35&#8243; css=&#8221;.vc_custom_1545296912360{margin-top: -30px !important;}&#8221;][vc_column offset=&#8221;vc_hidden-lg vc_hidden-md&#8221;][vc_column_text css=&#8221;.vc_custom_1547481265407{margin-top: -20px !important;}&#8221;]<\/p>\n<p><span class=\"fontstyle0\">Sh\u00ebrbimet tona t\u00eb konsulenc\u00ebs jan\u00eb t\u00eb destinuara p\u00ebr ata sip\u00ebrmarr\u00ebs t\u00eb cil\u00ebt jan\u00eb n\u00eb k\u00ebrkim t\u00eb rritjes s\u00eb vazhdueshme t\u00eb biznesit t\u00eb tyre. Zgjidhjet tona krijuese dhe inovative te kombinuara me qasje strategjike per zhvillimin e shpejte dhe aftesite e diagnostikimit te problemeve na mundesojne te ofrojme me te miren ne treg.<\/span>[\/vc_column_text][vc_separator color=&#8221;custom&#8221; accent_color=&#8221;#afafaf&#8221; css=&#8221;.vc_custom_1540894365306{margin-top: -20px !important;}&#8221;][\/vc_column][\/vc_row][vc_row css=&#8221;.vc_custom_1545296924864{margin-bottom: -60px !important;}&#8221;][vc_column width=&#8221;1\/2&#8243; offset=&#8221;vc_hidden-lg vc_hidden-md&#8221;]<div class=\"standard-arrow list-divider bullet-top\"><ul>\n<li style=\"font-weight: 400;\"><span style=\"font-weight: 400;\">Konsulence e pergjithshme ne manaxhim<\/span><\/li>\n<li>Konsulence mbi analizen e kostove<\/li>\n<li>Konsulence ne politika dhe rregullore per ligje te vecanta<\/li>\n<li>Plane biznesi<\/li>\n<li>Konsulence per kontabilitetin, auditimin e brendshem dhe manaxhimin financiar<\/li>\n<li>Konsulence per standardet IAS dhe SNRF<\/li>\n<li>Konsulence mbi konvertimet e pasqyrave financiare ne SNRF<\/li>\n<li>Asistence ne Pergatitjen e Pasqyrave Financiare sipas SNRF<\/li>\n<li>Trajnim dhe zhvillim<\/li>\n<\/ul>\n<\/div>[\/vc_column][vc_column width=&#8221;1\/2&#8243; offset=&#8221;vc_hidden-lg vc_hidden-md&#8221;][vc_single_image image=&#8221;916&#8243; img_size=&#8221;full&#8221; alignment=&#8221;center&#8221; image_hovers=&#8221;false&#8221;][\/vc_column][\/vc_row]<\/p>\n<\/div>","protected":false},"excerpt":{"rendered":"<p>[vc_row gap=&#8221;35&#8243;][vc_column offset=&#8221;vc_hidden-sm vc_hidden-xs&#8221;][vc_column_text css=&#8221;.vc_custom_1547481167786{margin-top: -20px !important;}&#8221;] Sh\u00ebrbimet tona t\u00eb konsulenc\u00ebs jan\u00eb t\u00eb destinuara p\u00ebr ata sip\u00ebrmarr\u00ebs t\u00eb cil\u00ebt jan\u00eb n\u00eb k\u00ebrkim t\u00eb rritjes s\u00eb vazhdueshme t\u00eb biznesit t\u00eb tyre. Zgjidhjet tona krijuese dhe inovative te kombinuara me qasje strategjike per zhvillimin e shpejte dhe aftesite e diagnostikimit te problemeve na mundesojne te ofrojme me&hellip;<\/p>\n","protected":false},"author":3,"featured_media":0,"parent":0,"menu_order":0,"comment_status":"closed","ping_status":"closed","template":"","meta":{"footnotes":""},"class_list":["post-269","page","type-page","status-publish","hentry","description-off"],"yoast_head":"<!-- This site is optimized with the Yoast SEO plugin v26.6 - https:\/\/yoast.com\/wordpress\/plugins\/seo\/ -->\n<title>Kontabilitet Konsulence - Agolli Audit &amp; Consulting<\/title>\n<meta name=\"robots\" content=\"index, follow, max-snippet:-1, max-image-preview:large, max-video-preview:-1\" \/>\n<link rel=\"canonical\" href=\"https:\/\/agolliauditconsulting.com\/index.php\/sherbime-konsulence\/\" \/>\n<meta property=\"og:locale\" content=\"sq_AL\" \/>\n<meta property=\"og:type\" content=\"article\" \/>\n<meta property=\"og:title\" content=\"Kontabilitet Konsulence - Agolli Audit &amp; Consulting\" \/>\n<meta property=\"og:description\" content=\"[vc_row gap=&#8221;35&#8243;][vc_column offset=&#8221;vc_hidden-sm vc_hidden-xs&#8221;][vc_column_text css=&#8221;.vc_custom_1547481167786{margin-top: -20px !important;}&#8221;] Sh\u00ebrbimet tona t\u00eb konsulenc\u00ebs jan\u00eb t\u00eb destinuara p\u00ebr ata sip\u00ebrmarr\u00ebs t\u00eb cil\u00ebt jan\u00eb n\u00eb k\u00ebrkim t\u00eb rritjes s\u00eb vazhdueshme t\u00eb biznesit t\u00eb tyre. Zgjidhjet tona krijuese dhe inovative te kombinuara me qasje strategjike per zhvillimin e shpejte dhe aftesite e diagnostikimit te problemeve na mundesojne te ofrojme me&hellip;\" \/>\n<meta property=\"og:url\" content=\"https:\/\/agolliauditconsulting.com\/index.php\/sherbime-konsulence\/\" \/>\n<meta property=\"og:site_name\" content=\"Agolli Audit &amp; Consulting\" \/>\n<meta property=\"article:modified_time\" content=\"2024-08-28T10:44:31+00:00\" \/>\n<meta name=\"twitter:card\" content=\"summary_large_image\" \/>\n<meta name=\"twitter:label1\" content=\"Est. reading time\" \/>\n\t<meta name=\"twitter:data1\" content=\"2 minutes\" \/>\n<script type=\"application\/ld+json\" class=\"yoast-schema-graph\">{\"@context\":\"https:\/\/schema.org\",\"@graph\":[{\"@type\":\"WebPage\",\"@id\":\"https:\/\/agolliauditconsulting.com\/index.php\/sherbime-konsulence\/\",\"url\":\"https:\/\/agolliauditconsulting.com\/index.php\/sherbime-konsulence\/\",\"name\":\"Kontabilitet Konsulence - Agolli Audit &amp; Consulting\",\"isPartOf\":{\"@id\":\"https:\/\/agolliauditconsulting.com\/#website\"},\"datePublished\":\"2018-11-06T12:02:00+00:00\",\"dateModified\":\"2024-08-28T10:44:31+00:00\",\"breadcrumb\":{\"@id\":\"https:\/\/agolliauditconsulting.com\/index.php\/sherbime-konsulence\/#breadcrumb\"},\"inLanguage\":\"sq\",\"potentialAction\":[{\"@type\":\"ReadAction\",\"target\":[\"https:\/\/agolliauditconsulting.com\/index.php\/sherbime-konsulence\/\"]}]},{\"@type\":\"BreadcrumbList\",\"@id\":\"https:\/\/agolliauditconsulting.com\/index.php\/sherbime-konsulence\/#breadcrumb\",\"itemListElement\":[{\"@type\":\"ListItem\",\"position\":1,\"name\":\"Home\",\"item\":\"https:\/\/agolliauditconsulting.com\/\"},{\"@type\":\"ListItem\",\"position\":2,\"name\":\"Kontabilitet Konsulence\"}]},{\"@type\":\"WebSite\",\"@id\":\"https:\/\/agolliauditconsulting.com\/#website\",\"url\":\"https:\/\/agolliauditconsulting.com\/\",\"name\":\"Agolli Audit &amp; Consulting\",\"description\":\"Audit services in Albania, auditing, accounting services in albania, consultancy services,  Evaluation of assets,  Legal audit,  Internal Audit, Audit of financial statements\",\"potentialAction\":[{\"@type\":\"SearchAction\",\"target\":{\"@type\":\"EntryPoint\",\"urlTemplate\":\"https:\/\/agolliauditconsulting.com\/?s={search_term_string}\"},\"query-input\":{\"@type\":\"PropertyValueSpecification\",\"valueRequired\":true,\"valueName\":\"search_term_string\"}}],\"inLanguage\":\"sq\"}]}<\/script>\n<!-- \/ Yoast SEO plugin. -->","yoast_head_json":{"title":"Kontabilitet Konsulence - Agolli Audit &amp; Consulting","robots":{"index":"index","follow":"follow","max-snippet":"max-snippet:-1","max-image-preview":"max-image-preview:large","max-video-preview":"max-video-preview:-1"},"canonical":"https:\/\/agolliauditconsulting.com\/index.php\/sherbime-konsulence\/","og_locale":"sq_AL","og_type":"article","og_title":"Kontabilitet Konsulence - Agolli Audit &amp; Consulting","og_description":"[vc_row gap=&#8221;35&#8243;][vc_column offset=&#8221;vc_hidden-sm vc_hidden-xs&#8221;][vc_column_text css=&#8221;.vc_custom_1547481167786{margin-top: -20px !important;}&#8221;] Sh\u00ebrbimet tona t\u00eb konsulenc\u00ebs jan\u00eb t\u00eb destinuara p\u00ebr ata sip\u00ebrmarr\u00ebs t\u00eb cil\u00ebt jan\u00eb n\u00eb k\u00ebrkim t\u00eb rritjes s\u00eb vazhdueshme t\u00eb biznesit t\u00eb tyre. Zgjidhjet tona krijuese dhe inovative te kombinuara me qasje strategjike per zhvillimin e shpejte dhe aftesite e diagnostikimit te problemeve na mundesojne te ofrojme me&hellip;","og_url":"https:\/\/agolliauditconsulting.com\/index.php\/sherbime-konsulence\/","og_site_name":"Agolli Audit &amp; Consulting","article_modified_time":"2024-08-28T10:44:31+00:00","twitter_card":"summary_large_image","twitter_misc":{"Est. reading time":"2 minutes"},"schema":{"@context":"https:\/\/schema.org","@graph":[{"@type":"WebPage","@id":"https:\/\/agolliauditconsulting.com\/index.php\/sherbime-konsulence\/","url":"https:\/\/agolliauditconsulting.com\/index.php\/sherbime-konsulence\/","name":"Kontabilitet Konsulence - Agolli Audit &amp; Consulting","isPartOf":{"@id":"https:\/\/agolliauditconsulting.com\/#website"},"datePublished":"2018-11-06T12:02:00+00:00","dateModified":"2024-08-28T10:44:31+00:00","breadcrumb":{"@id":"https:\/\/agolliauditconsulting.com\/index.php\/sherbime-konsulence\/#breadcrumb"},"inLanguage":"sq","potentialAction":[{"@type":"ReadAction","target":["https:\/\/agolliauditconsulting.com\/index.php\/sherbime-konsulence\/"]}]},{"@type":"BreadcrumbList","@id":"https:\/\/agolliauditconsulting.com\/index.php\/sherbime-konsulence\/#breadcrumb","itemListElement":[{"@type":"ListItem","position":1,"name":"Home","item":"https:\/\/agolliauditconsulting.com\/"},{"@type":"ListItem","position":2,"name":"Kontabilitet Konsulence"}]},{"@type":"WebSite","@id":"https:\/\/agolliauditconsulting.com\/#website","url":"https:\/\/agolliauditconsulting.com\/","name":"Agolli Audit &amp; Consulting","description":"Audit services in Albania, auditing, accounting services in albania, consultancy services,  Evaluation of assets,  Legal audit,  Internal Audit, Audit of financial statements","potentialAction":[{"@type":"SearchAction","target":{"@type":"EntryPoint","urlTemplate":"https:\/\/agolliauditconsulting.com\/?s={search_term_string}"},"query-input":{"@type":"PropertyValueSpecification","valueRequired":true,"valueName":"search_term_string"}}],"inLanguage":"sq"}]}},"_links":{"self":[{"href":"https:\/\/agolliauditconsulting.com\/index.php\/wp-json\/wp\/v2\/pages\/269","targetHints":{"allow":["GET"]}}],"collection":[{"href":"https:\/\/agolliauditconsulting.com\/index.php\/wp-json\/wp\/v2\/pages"}],"about":[{"href":"https:\/\/agolliauditconsulting.com\/index.php\/wp-json\/wp\/v2\/types\/page"}],"author":[{"embeddable":true,"href":"https:\/\/agolliauditconsulting.com\/index.php\/wp-json\/wp\/v2\/users\/3"}],"replies":[{"embeddable":true,"href":"https:\/\/agolliauditconsulting.com\/index.php\/wp-json\/wp\/v2\/comments?post=269"}],"version-history":[{"count":15,"href":"https:\/\/agolliauditconsulting.com\/index.php\/wp-json\/wp\/v2\/pages\/269\/revisions"}],"predecessor-version":[{"id":918,"href":"https:\/\/agolliauditconsulting.com\/index.php\/wp-json\/wp\/v2\/pages\/269\/revisions\/918"}],"wp:attachment":[{"href":"https:\/\/agolliauditconsulting.com\/index.php\/wp-json\/wp\/v2\/media?parent=269"}],"curies":[{"name":"wp","href":"https:\/\/api.w.org\/{rel}","templated":true}]}}